{"id":959,"date":"2018-06-18T10:51:54","date_gmt":"2018-06-18T10:51:54","guid":{"rendered":"http:\/\/www.francarman.hr\/?page_id=959"},"modified":"2018-07-11T11:23:20","modified_gmt":"2018-07-11T11:23:20","slug":"galerija","status":"publish","type":"page","link":"https:\/\/www.francarman.hr\/it\/galerija\/","title":{"rendered":"Galleria"},"content":{"rendered":"<div class=\"wpb-content-wrapper\"><p>[vc_row css=&#8221;.vc_custom_1529318500081{padding-top: 80px !important;padding-bottom: 60px !important;}&#8221;][vc_column width=&#8221;1\/6&#8243;][\/vc_column][vc_column width=&#8221;2\/3&#8243;]<div id=\"ultimate-heading-568069f100814da39\" class=\"uvc-heading ult-adjust-bottom-margin ultimate-heading-568069f100814da39 uvc-7055 letter_space uvc-heading-default-font-sizes\" data-hspacer=\"image_only\"  data-halign=\"center\" style=\"text-align:center\"><div class=\"uvc-heading-spacer image_only\" style=\"margin-bottom:32px;\"><img decoding=\"async\" src=\"https:\/\/www.francarman.hr\/wp-content\/uploads\/2018\/06\/franc-arman-galerija.png\" class=\"ultimate-headings-icon-image\" alt=\"franc-arman-galerija\" style=\"width:55px\"\/><\/div><\/div><div id=\"ultimate-heading-287069f100814da66\" class=\"uvc-heading ult-adjust-bottom-margin ultimate-heading-287069f100814da66 uvc-173  uvc-heading-default-font-sizes\" data-hspacer=\"no_spacer\"  data-halign=\"center\" style=\"text-align:center\"><div class=\"uvc-heading-spacer no_spacer\" style=\"top\"><\/div><div class=\"uvc-sub-heading ult-responsive\"  data-ultimate-target='.uvc-heading.ultimate-heading-287069f100814da66 .uvc-sub-heading '  data-responsive-json-new='{\"font-size\":\"\",\"line-height\":\"\"}'  style=\"font-weight:normal;margin-bottom:32px;\"><\/p>\n<h2>Galleria<\/h2>\n<p><\/div><\/div>[vc_column_text css=&#8221;.vc_custom_1530262479568{padding-bottom: 30px !important;}&#8221;]<\/p>\n<p style=\"text-align: center;\">Sfoglia la galleria fotografica della cantina Franc Arman e goditi indimenticabile viaggio attraverso il mondo del vino nella nostra sala d\u2019assaggio. Contattaci, vieni a scoprire i sapori e gli odori della terra, l\u2019essenza viva della vite in un bicchiere del miglior vino. Dunque, vi invitiamo nelle nostre cantine perch\u00e9 \u00e8 il modo migliore per raccontarvi come la tradizione, il sapere e l\u2019innovazione si coniugano in una perfezione assoluta.<\/p>\n<p>[\/vc_column_text][\/vc_column][vc_column width=&#8221;1\/6&#8243;][\/vc_column][\/vc_row][vc_row full_width=&#8221;stretch_row_content_no_spaces&#8221; css=&#8221;.vc_custom_1528194913645{margin-top: -35px !important;margin-bottom: -35px !important;}&#8221;][vc_column]<div class=\"wf-container dt-gallery-container dt-photos-shortcode loading-effect-none iso-grid\" data-padding=\"5px\" data-cur-page=\"1\" data-width=\"370px\" data-columns=\"2\"><div class=\"wf-cell\" data-post-id=\"965\" data-date=\"2018-06-18T10:56:50+00:00\" data-name=\"Franc Arman\">\n<article class=\"post post-965 attachment type-attachment status-inherit hentry no-img description-off\">\n\n\t<figure class=\"rollover-project links-hovers-disabled\">\n\t<a href=\"https:\/\/www.francarman.hr\/wp-content\/uploads\/2018\/06\/franc-arman-vina-1.jpg\" class=\"rollover rollover-zoom dt-pswp-item layzr-bg\" title=\"Franc Arman\" data-dt-img-description=\"\"  data-large_image_width=\"1100\" data-large_image_height = \"732\" ><img fetchpriority=\"high\" decoding=\"async\" class=\"preload-me iso-lazy-load aspect\" src=\"data:image\/svg+xml,%3Csvg%20xmlns%3D&#39;http%3A%2F%2Fwww.w3.org%2F2000%2Fsvg&#39;%20viewBox%3D&#39;0%200%20555%20369&#39;%2F%3E\" data-src=\"https:\/\/www.francarman.hr\/wp-content\/uploads\/2018\/06\/franc-arman-vina-1-555x369.jpg\" data-srcset=\"https:\/\/www.francarman.hr\/wp-content\/uploads\/2018\/06\/franc-arman-vina-1-555x369.jpg 555w, https:\/\/www.francarman.hr\/wp-content\/uploads\/2018\/06\/franc-arman-vina-1.jpg 1100w\" loading=\"eager\" style=\"--ratio: 555 \/ 369\" sizes=\"(max-width: 555px) 100vw, 555px\" alt=\"franc-arman-vina\" width=\"555\" height=\"369\"  \/><\/a>\t<\/figure>\n<\/article>\n\n<\/div><div class=\"wf-cell\" data-post-id=\"966\" data-date=\"2018-06-18T10:56:51+00:00\" data-name=\"Franc Arman\">\n<article class=\"post post-966 attachment type-attachment status-inherit hentry no-img description-off\">\n\n\t<figure class=\"rollover-project links-hovers-disabled\">\n\t<a href=\"https:\/\/www.francarman.hr\/wp-content\/uploads\/2018\/06\/franc-arman-vina-2.jpg\" class=\"rollover rollover-zoom dt-pswp-item layzr-bg\" title=\"Franc Arman\" data-dt-img-description=\"\"  data-large_image_width=\"1100\" data-large_image_height = \"732\" ><img decoding=\"async\" class=\"preload-me iso-lazy-load aspect\" src=\"data:image\/svg+xml,%3Csvg%20xmlns%3D&#39;http%3A%2F%2Fwww.w3.org%2F2000%2Fsvg&#39;%20viewBox%3D&#39;0%200%20555%20369&#39;%2F%3E\" data-src=\"https:\/\/www.francarman.hr\/wp-content\/uploads\/2018\/06\/franc-arman-vina-2-555x369.jpg\" data-srcset=\"https:\/\/www.francarman.hr\/wp-content\/uploads\/2018\/06\/franc-arman-vina-2-555x369.jpg 555w, https:\/\/www.francarman.hr\/wp-content\/uploads\/2018\/06\/franc-arman-vina-2.jpg 1100w\" loading=\"eager\" style=\"--ratio: 555 \/ 369\" sizes=\"(max-width: 555px) 100vw, 555px\" alt=\"franc-arman-vina\" width=\"555\" height=\"369\"  \/><\/a>\t<\/figure>\n<\/article>\n\n<\/div><div class=\"wf-cell\" data-post-id=\"967\" data-date=\"2018-06-18T10:56:52+00:00\" data-name=\"Franc Arman\">\n<article class=\"post post-967 attachment type-attachment status-inherit hentry no-img description-off\">\n\n\t<figure class=\"rollover-project links-hovers-disabled\">\n\t<a href=\"https:\/\/www.francarman.hr\/wp-content\/uploads\/2018\/06\/franc-arman-vina-3.jpg\" class=\"rollover rollover-zoom dt-pswp-item layzr-bg\" title=\"Franc Arman\" data-dt-img-description=\"\"  data-large_image_width=\"1100\" data-large_image_height = \"732\" ><img decoding=\"async\" class=\"preload-me iso-lazy-load aspect\" src=\"data:image\/svg+xml,%3Csvg%20xmlns%3D&#39;http%3A%2F%2Fwww.w3.org%2F2000%2Fsvg&#39;%20viewBox%3D&#39;0%200%20555%20369&#39;%2F%3E\" data-src=\"https:\/\/www.francarman.hr\/wp-content\/uploads\/2018\/06\/franc-arman-vina-3-555x369.jpg\" data-srcset=\"https:\/\/www.francarman.hr\/wp-content\/uploads\/2018\/06\/franc-arman-vina-3-555x369.jpg 555w, https:\/\/www.francarman.hr\/wp-content\/uploads\/2018\/06\/franc-arman-vina-3.jpg 1100w\" loading=\"eager\" style=\"--ratio: 555 \/ 369\" sizes=\"(max-width: 555px) 100vw, 555px\" alt=\"franc-arman-vina\" width=\"555\" height=\"369\"  \/><\/a>\t<\/figure>\n<\/article>\n\n<\/div><div class=\"wf-cell\" data-post-id=\"968\" data-date=\"2018-06-18T10:56:53+00:00\" data-name=\"Franc Arman\">\n<article class=\"post post-968 attachment type-attachment status-inherit hentry no-img description-off\">\n\n\t<figure class=\"rollover-project links-hovers-disabled\">\n\t<a href=\"https:\/\/www.francarman.hr\/wp-content\/uploads\/2018\/06\/franc-arman-vina-4.jpg\" class=\"rollover rollover-zoom dt-pswp-item layzr-bg\" title=\"Franc Arman\" data-dt-img-description=\"\"  data-large_image_width=\"1100\" data-large_image_height = \"732\" ><img decoding=\"async\" class=\"preload-me iso-lazy-load aspect\" src=\"data:image\/svg+xml,%3Csvg%20xmlns%3D&#39;http%3A%2F%2Fwww.w3.org%2F2000%2Fsvg&#39;%20viewBox%3D&#39;0%200%20555%20369&#39;%2F%3E\" data-src=\"https:\/\/www.francarman.hr\/wp-content\/uploads\/2018\/06\/franc-arman-vina-4-555x369.jpg\" data-srcset=\"https:\/\/www.francarman.hr\/wp-content\/uploads\/2018\/06\/franc-arman-vina-4-555x369.jpg 555w, https:\/\/www.francarman.hr\/wp-content\/uploads\/2018\/06\/franc-arman-vina-4.jpg 1100w\" loading=\"eager\" style=\"--ratio: 555 \/ 369\" sizes=\"(max-width: 555px) 100vw, 555px\" alt=\"franc-arman-vina\" width=\"555\" height=\"369\"  \/><\/a>\t<\/figure>\n<\/article>\n\n<\/div><div class=\"wf-cell\" data-post-id=\"969\" data-date=\"2018-06-18T10:56:54+00:00\" data-name=\"Franc Arman\">\n<article class=\"post post-969 attachment type-attachment status-inherit hentry no-img description-off\">\n\n\t<figure class=\"rollover-project links-hovers-disabled\">\n\t<a href=\"https:\/\/www.francarman.hr\/wp-content\/uploads\/2018\/06\/franc-arman-vina-5.jpg\" class=\"rollover rollover-zoom dt-pswp-item layzr-bg\" title=\"Franc Arman\" data-dt-img-description=\"\"  data-large_image_width=\"1100\" data-large_image_height = \"732\" ><img decoding=\"async\" class=\"preload-me iso-lazy-load aspect\" src=\"data:image\/svg+xml,%3Csvg%20xmlns%3D&#39;http%3A%2F%2Fwww.w3.org%2F2000%2Fsvg&#39;%20viewBox%3D&#39;0%200%20555%20369&#39;%2F%3E\" data-src=\"https:\/\/www.francarman.hr\/wp-content\/uploads\/2018\/06\/franc-arman-vina-5-555x369.jpg\" data-srcset=\"https:\/\/www.francarman.hr\/wp-content\/uploads\/2018\/06\/franc-arman-vina-5-555x369.jpg 555w, https:\/\/www.francarman.hr\/wp-content\/uploads\/2018\/06\/franc-arman-vina-5.jpg 1100w\" loading=\"eager\" style=\"--ratio: 555 \/ 369\" sizes=\"(max-width: 555px) 100vw, 555px\" alt=\"franc-arman-vina\" width=\"555\" height=\"369\"  \/><\/a>\t<\/figure>\n<\/article>\n\n<\/div><div class=\"wf-cell\" data-post-id=\"970\" data-date=\"2018-06-18T10:56:55+00:00\" data-name=\"Franc Arman\">\n<article class=\"post post-970 attachment type-attachment status-inherit hentry no-img description-off\">\n\n\t<figure class=\"rollover-project links-hovers-disabled\">\n\t<a href=\"https:\/\/www.francarman.hr\/wp-content\/uploads\/2018\/06\/franc-arman-vina-6.jpg\" class=\"rollover rollover-zoom dt-pswp-item layzr-bg\" title=\"Franc Arman\" data-dt-img-description=\"\"  data-large_image_width=\"1100\" data-large_image_height = \"732\" ><img decoding=\"async\" class=\"preload-me iso-lazy-load aspect\" src=\"data:image\/svg+xml,%3Csvg%20xmlns%3D&#39;http%3A%2F%2Fwww.w3.org%2F2000%2Fsvg&#39;%20viewBox%3D&#39;0%200%20555%20369&#39;%2F%3E\" data-src=\"https:\/\/www.francarman.hr\/wp-content\/uploads\/2018\/06\/franc-arman-vina-6-555x369.jpg\" data-srcset=\"https:\/\/www.francarman.hr\/wp-content\/uploads\/2018\/06\/franc-arman-vina-6-555x369.jpg 555w, https:\/\/www.francarman.hr\/wp-content\/uploads\/2018\/06\/franc-arman-vina-6.jpg 1100w\" loading=\"eager\" style=\"--ratio: 555 \/ 369\" sizes=\"(max-width: 555px) 100vw, 555px\" alt=\"franc-arman-vina\" width=\"555\" height=\"369\"  \/><\/a>\t<\/figure>\n<\/article>\n\n<\/div><div class=\"wf-cell\" data-post-id=\"971\" data-date=\"2018-06-18T10:56:56+00:00\" data-name=\"Franc Arman\">\n<article class=\"post post-971 attachment type-attachment status-inherit hentry no-img description-off\">\n\n\t<figure class=\"rollover-project links-hovers-disabled\">\n\t<a href=\"https:\/\/www.francarman.hr\/wp-content\/uploads\/2018\/06\/franc-arman-vina-7.jpg\" class=\"rollover rollover-zoom dt-pswp-item layzr-bg\" title=\"Franc Arman\" data-dt-img-description=\"\"  data-large_image_width=\"1100\" data-large_image_height = \"732\" ><img decoding=\"async\" class=\"preload-me iso-lazy-load aspect\" src=\"data:image\/svg+xml,%3Csvg%20xmlns%3D&#39;http%3A%2F%2Fwww.w3.org%2F2000%2Fsvg&#39;%20viewBox%3D&#39;0%200%20555%20369&#39;%2F%3E\" data-src=\"https:\/\/www.francarman.hr\/wp-content\/uploads\/2018\/06\/franc-arman-vina-7-555x369.jpg\" data-srcset=\"https:\/\/www.francarman.hr\/wp-content\/uploads\/2018\/06\/franc-arman-vina-7-555x369.jpg 555w, https:\/\/www.francarman.hr\/wp-content\/uploads\/2018\/06\/franc-arman-vina-7.jpg 1100w\" loading=\"eager\" style=\"--ratio: 555 \/ 369\" sizes=\"(max-width: 555px) 100vw, 555px\" alt=\"franc-arman-vina\" width=\"555\" height=\"369\"  \/><\/a>\t<\/figure>\n<\/article>\n\n<\/div><div class=\"wf-cell\" data-post-id=\"1016\" data-date=\"2018-06-20T12:58:18+00:00\" data-name=\"franc-arman\">\n<article class=\"post post-1016 attachment type-attachment status-inherit hentry no-img description-off\">\n\n\t<figure class=\"rollover-project links-hovers-disabled\">\n\t<a href=\"https:\/\/www.francarman.hr\/wp-content\/uploads\/2018\/06\/franc-arman-vina-11.jpg\" class=\"rollover rollover-zoom dt-pswp-item layzr-bg\" title=\"franc-arman\" data-dt-img-description=\"\"  data-large_image_width=\"1100\" data-large_image_height = \"732\" ><img decoding=\"async\" class=\"preload-me iso-lazy-load aspect\" src=\"data:image\/svg+xml,%3Csvg%20xmlns%3D&#39;http%3A%2F%2Fwww.w3.org%2F2000%2Fsvg&#39;%20viewBox%3D&#39;0%200%20555%20369&#39;%2F%3E\" data-src=\"https:\/\/www.francarman.hr\/wp-content\/uploads\/2018\/06\/franc-arman-vina-11-555x369.jpg\" data-srcset=\"https:\/\/www.francarman.hr\/wp-content\/uploads\/2018\/06\/franc-arman-vina-11-555x369.jpg 555w, https:\/\/www.francarman.hr\/wp-content\/uploads\/2018\/06\/franc-arman-vina-11.jpg 1100w\" loading=\"eager\" style=\"--ratio: 555 \/ 369\" sizes=\"(max-width: 555px) 100vw, 555px\" alt=\"franc-arman\" width=\"555\" height=\"369\"  \/><\/a>\t<\/figure>\n<\/article>\n\n<\/div><div class=\"wf-cell\" data-post-id=\"974\" data-date=\"2018-06-18T10:56:59+00:00\" data-name=\"Franc Arman\">\n<article class=\"post post-974 attachment type-attachment status-inherit hentry no-img description-off\">\n\n\t<figure class=\"rollover-project links-hovers-disabled\">\n\t<a href=\"https:\/\/www.francarman.hr\/wp-content\/uploads\/2018\/06\/franc-arman-vina-10.jpg\" class=\"rollover rollover-zoom dt-pswp-item layzr-bg\" title=\"Franc Arman\" data-dt-img-description=\"\"  data-large_image_width=\"1100\" data-large_image_height = \"732\" ><img decoding=\"async\" class=\"preload-me iso-lazy-load aspect\" src=\"data:image\/svg+xml,%3Csvg%20xmlns%3D&#39;http%3A%2F%2Fwww.w3.org%2F2000%2Fsvg&#39;%20viewBox%3D&#39;0%200%20555%20369&#39;%2F%3E\" data-src=\"https:\/\/www.francarman.hr\/wp-content\/uploads\/2018\/06\/franc-arman-vina-10-555x369.jpg\" data-srcset=\"https:\/\/www.francarman.hr\/wp-content\/uploads\/2018\/06\/franc-arman-vina-10-555x369.jpg 555w, https:\/\/www.francarman.hr\/wp-content\/uploads\/2018\/06\/franc-arman-vina-10.jpg 1100w\" loading=\"eager\" style=\"--ratio: 555 \/ 369\" sizes=\"(max-width: 555px) 100vw, 555px\" alt=\"franc-arman-vina\" width=\"555\" height=\"369\"  \/><\/a>\t<\/figure>\n<\/article>\n\n<\/div><div class=\"wf-cell\" data-post-id=\"972\" data-date=\"2018-06-18T10:56:57+00:00\" data-name=\"Franc Arman\">\n<article class=\"post post-972 attachment type-attachment status-inherit hentry no-img description-off\">\n\n\t<figure class=\"rollover-project links-hovers-disabled\">\n\t<a href=\"https:\/\/www.francarman.hr\/wp-content\/uploads\/2018\/06\/franc-arman-vina-8.jpg\" class=\"rollover rollover-zoom dt-pswp-item layzr-bg\" title=\"Franc Arman\" data-dt-img-description=\"\"  data-large_image_width=\"1100\" data-large_image_height = \"732\" ><img decoding=\"async\" class=\"preload-me iso-lazy-load aspect\" src=\"data:image\/svg+xml,%3Csvg%20xmlns%3D&#39;http%3A%2F%2Fwww.w3.org%2F2000%2Fsvg&#39;%20viewBox%3D&#39;0%200%20555%20369&#39;%2F%3E\" data-src=\"https:\/\/www.francarman.hr\/wp-content\/uploads\/2018\/06\/franc-arman-vina-8-555x369.jpg\" data-srcset=\"https:\/\/www.francarman.hr\/wp-content\/uploads\/2018\/06\/franc-arman-vina-8-555x369.jpg 555w, https:\/\/www.francarman.hr\/wp-content\/uploads\/2018\/06\/franc-arman-vina-8.jpg 1100w\" loading=\"eager\" style=\"--ratio: 555 \/ 369\" sizes=\"(max-width: 555px) 100vw, 555px\" alt=\"franc-arman-vina\" width=\"555\" height=\"369\"  \/><\/a>\t<\/figure>\n<\/article>\n\n<\/div><div class=\"wf-cell\" data-post-id=\"1021\" data-date=\"2018-06-20T13:02:56+00:00\" data-name=\"franc-arman\">\n<article class=\"post post-1021 attachment type-attachment status-inherit hentry no-img description-off\">\n\n\t<figure class=\"rollover-project links-hovers-disabled\">\n\t<a href=\"https:\/\/www.francarman.hr\/wp-content\/uploads\/2018\/06\/franc-arman-vina-13.jpg\" class=\"rollover rollover-zoom dt-pswp-item layzr-bg\" title=\"franc-arman\" data-dt-img-description=\"\"  data-large_image_width=\"1100\" data-large_image_height = \"1652\" ><img decoding=\"async\" class=\"preload-me iso-lazy-load aspect\" src=\"data:image\/svg+xml,%3Csvg%20xmlns%3D&#39;http%3A%2F%2Fwww.w3.org%2F2000%2Fsvg&#39;%20viewBox%3D&#39;0%200%20555%20834&#39;%2F%3E\" data-src=\"https:\/\/www.francarman.hr\/wp-content\/uploads\/2018\/06\/franc-arman-vina-13-555x834.jpg\" data-srcset=\"https:\/\/www.francarman.hr\/wp-content\/uploads\/2018\/06\/franc-arman-vina-13-555x834.jpg 555w, https:\/\/www.francarman.hr\/wp-content\/uploads\/2018\/06\/franc-arman-vina-13.jpg 1099w\" loading=\"eager\" style=\"--ratio: 555 \/ 834\" sizes=\"(max-width: 555px) 100vw, 555px\" alt=\"franc-arman\" width=\"555\" height=\"834\"  \/><\/a>\t<\/figure>\n<\/article>\n\n<\/div><div class=\"wf-cell\" data-post-id=\"1020\" data-date=\"2018-06-20T13:02:55+00:00\" data-name=\"franc-arman-vina-12\">\n<article class=\"post post-1020 attachment type-attachment status-inherit hentry no-img description-off\">\n\n\t<figure class=\"rollover-project links-hovers-disabled\">\n\t<a href=\"https:\/\/www.francarman.hr\/wp-content\/uploads\/2018\/06\/franc-arman-vina-12.jpg\" class=\"rollover rollover-zoom dt-pswp-item layzr-bg\" title=\"franc-arman-vina-12\" data-dt-img-description=\"\"  data-large_image_width=\"1100\" data-large_image_height = \"1652\" ><img decoding=\"async\" class=\"preload-me iso-lazy-load aspect\" src=\"data:image\/svg+xml,%3Csvg%20xmlns%3D&#39;http%3A%2F%2Fwww.w3.org%2F2000%2Fsvg&#39;%20viewBox%3D&#39;0%200%20555%20834&#39;%2F%3E\" data-src=\"https:\/\/www.francarman.hr\/wp-content\/uploads\/2018\/06\/franc-arman-vina-12-555x834.jpg\" data-srcset=\"https:\/\/www.francarman.hr\/wp-content\/uploads\/2018\/06\/franc-arman-vina-12-555x834.jpg 555w, https:\/\/www.francarman.hr\/wp-content\/uploads\/2018\/06\/franc-arman-vina-12.jpg 1099w\" loading=\"eager\" style=\"--ratio: 555 \/ 834\" sizes=\"(max-width: 555px) 100vw, 555px\" alt=\"franc-arman-vina-12\" width=\"555\" height=\"834\"  \/><\/a>\t<\/figure>\n<\/article>\n\n<\/div><\/div>[\/vc_column][\/vc_row]<\/p>\n<\/div>","protected":false},"excerpt":{"rendered":"<p>[vc_row css=&#8221;.vc_custom_1529318500081{padding-top: 80px !important;padding-bottom: 60px !important;}&#8221;][vc_column width=&#8221;1\/6&#8243;][\/vc_column][vc_column width=&#8221;2\/3&#8243;][vc_column_text css=&#8221;.vc_custom_1530262479568{padding-bottom: 30px !important;}&#8221;] Sfoglia la galleria fotografica della cantina Franc Arman e goditi indimenticabile viaggio attraverso il mondo del vino nella nostra sala d\u2019assaggio. Contattaci, vieni a scoprire i sapori e gli odori della terra, l\u2019essenza viva della vite in un bicchiere del miglior vino. Dunque, vi&hellip;<\/p>\n","protected":false},"author":1,"featured_media":0,"parent":0,"menu_order":0,"comment_status":"closed","ping_status":"open","template":"template-microsite.php","meta":{"footnotes":""},"yoast_head":"<!-- This site is optimized with the Yoast SEO plugin v22.3 - https:\/\/yoast.com\/wordpress\/plugins\/seo\/ -->\n<title>Ku\u0161aona - Franc Arman<\/title>\n<meta name=\"description\" content=\"Pogledajte galeriju fotografija vinarije Franc Arman i po\u0111ite na nezabravno putovanje kroz vinski svijet ku\u0161aone. Do\u017eivite okuse i mirise najboljih vina.\" \/>\n<meta name=\"robots\" content=\"index, follow, max-snippet:-1, max-image-preview:large, max-video-preview:-1\" \/>\n<link rel=\"canonical\" href=\"https:\/\/www.francarman.hr\/galerija\/\" \/>\n<meta property=\"og:locale\" content=\"it_IT\" \/>\n<meta property=\"og:type\" content=\"article\" \/>\n<meta property=\"og:title\" content=\"Ku\u0161aona - Franc Arman\" \/>\n<meta property=\"og:description\" content=\"Pogledajte galeriju fotografija vinarije Franc Arman i po\u0111ite na nezabravno putovanje kroz vinski svijet ku\u0161aone. Do\u017eivite okuse i mirise najboljih vina.\" \/>\n<meta property=\"og:url\" content=\"https:\/\/www.francarman.hr\/galerija\/\" \/>\n<meta property=\"og:site_name\" content=\"Franc Arman\" \/>\n<meta property=\"article:modified_time\" content=\"2018-07-11T11:23:20+00:00\" \/>\n<meta name=\"twitter:card\" content=\"summary_large_image\" \/>\n<meta name=\"twitter:label1\" content=\"Tempo di lettura stimato\" \/>\n\t<meta name=\"twitter:data1\" content=\"5 minuti\" \/>\n<script type=\"application\/ld+json\" class=\"yoast-schema-graph\">{\"@context\":\"https:\/\/schema.org\",\"@graph\":[{\"@type\":\"WebPage\",\"@id\":\"https:\/\/www.francarman.hr\/galerija\/\",\"url\":\"https:\/\/www.francarman.hr\/galerija\/\",\"name\":\"Ku\u0161aona - Franc Arman\",\"isPartOf\":{\"@id\":\"https:\/\/www.francarman.hr\/#website\"},\"datePublished\":\"2018-06-18T10:51:54+00:00\",\"dateModified\":\"2018-07-11T11:23:20+00:00\",\"description\":\"Pogledajte galeriju fotografija vinarije Franc Arman i po\u0111ite na nezabravno putovanje kroz vinski svijet ku\u0161aone. Do\u017eivite okuse i mirise najboljih vina.\",\"breadcrumb\":{\"@id\":\"https:\/\/www.francarman.hr\/galerija\/#breadcrumb\"},\"inLanguage\":\"it-IT\",\"potentialAction\":[{\"@type\":\"ReadAction\",\"target\":[\"https:\/\/www.francarman.hr\/galerija\/\"]}]},{\"@type\":\"BreadcrumbList\",\"@id\":\"https:\/\/www.francarman.hr\/galerija\/#breadcrumb\",\"itemListElement\":[{\"@type\":\"ListItem\",\"position\":1,\"name\":\"Po\u010detna stranica\",\"item\":\"https:\/\/www.francarman.hr\/\"},{\"@type\":\"ListItem\",\"position\":2,\"name\":\"Galerija\"}]},{\"@type\":\"WebSite\",\"@id\":\"https:\/\/www.francarman.hr\/#website\",\"url\":\"https:\/\/www.francarman.hr\/\",\"name\":\"Franc Arman\",\"description\":\"vrhunsko vino za vrhunske u\u017eitke\",\"potentialAction\":[{\"@type\":\"SearchAction\",\"target\":{\"@type\":\"EntryPoint\",\"urlTemplate\":\"https:\/\/www.francarman.hr\/?s={search_term_string}\"},\"query-input\":\"required name=search_term_string\"}],\"inLanguage\":\"it-IT\"}]}<\/script>\n<!-- \/ Yoast SEO plugin. -->","yoast_head_json":{"title":"Ku\u0161aona - Franc Arman","description":"Pogledajte galeriju fotografija vinarije Franc Arman i po\u0111ite na nezabravno putovanje kroz vinski svijet ku\u0161aone. Do\u017eivite okuse i mirise najboljih vina.","robots":{"index":"index","follow":"follow","max-snippet":"max-snippet:-1","max-image-preview":"max-image-preview:large","max-video-preview":"max-video-preview:-1"},"canonical":"https:\/\/www.francarman.hr\/galerija\/","og_locale":"it_IT","og_type":"article","og_title":"Ku\u0161aona - Franc Arman","og_description":"Pogledajte galeriju fotografija vinarije Franc Arman i po\u0111ite na nezabravno putovanje kroz vinski svijet ku\u0161aone. Do\u017eivite okuse i mirise najboljih vina.","og_url":"https:\/\/www.francarman.hr\/galerija\/","og_site_name":"Franc Arman","article_modified_time":"2018-07-11T11:23:20+00:00","twitter_card":"summary_large_image","twitter_misc":{"Tempo di lettura stimato":"5 minuti"},"schema":{"@context":"https:\/\/schema.org","@graph":[{"@type":"WebPage","@id":"https:\/\/www.francarman.hr\/galerija\/","url":"https:\/\/www.francarman.hr\/galerija\/","name":"Ku\u0161aona - Franc Arman","isPartOf":{"@id":"https:\/\/www.francarman.hr\/#website"},"datePublished":"2018-06-18T10:51:54+00:00","dateModified":"2018-07-11T11:23:20+00:00","description":"Pogledajte galeriju fotografija vinarije Franc Arman i po\u0111ite na nezabravno putovanje kroz vinski svijet ku\u0161aone. Do\u017eivite okuse i mirise najboljih vina.","breadcrumb":{"@id":"https:\/\/www.francarman.hr\/galerija\/#breadcrumb"},"inLanguage":"it-IT","potentialAction":[{"@type":"ReadAction","target":["https:\/\/www.francarman.hr\/galerija\/"]}]},{"@type":"BreadcrumbList","@id":"https:\/\/www.francarman.hr\/galerija\/#breadcrumb","itemListElement":[{"@type":"ListItem","position":1,"name":"Po\u010detna stranica","item":"https:\/\/www.francarman.hr\/"},{"@type":"ListItem","position":2,"name":"Galerija"}]},{"@type":"WebSite","@id":"https:\/\/www.francarman.hr\/#website","url":"https:\/\/www.francarman.hr\/","name":"Franc Arman","description":"vrhunsko vino za vrhunske u\u017eitke","potentialAction":[{"@type":"SearchAction","target":{"@type":"EntryPoint","urlTemplate":"https:\/\/www.francarman.hr\/?s={search_term_string}"},"query-input":"required name=search_term_string"}],"inLanguage":"it-IT"}]}},"_links":{"self":[{"href":"https:\/\/www.francarman.hr\/it\/wp-json\/wp\/v2\/pages\/959"}],"collection":[{"href":"https:\/\/www.francarman.hr\/it\/wp-json\/wp\/v2\/pages"}],"about":[{"href":"https:\/\/www.francarman.hr\/it\/wp-json\/wp\/v2\/types\/page"}],"author":[{"embeddable":true,"href":"https:\/\/www.francarman.hr\/it\/wp-json\/wp\/v2\/users\/1"}],"replies":[{"embeddable":true,"href":"https:\/\/www.francarman.hr\/it\/wp-json\/wp\/v2\/comments?post=959"}],"version-history":[{"count":5,"href":"https:\/\/www.francarman.hr\/it\/wp-json\/wp\/v2\/pages\/959\/revisions"}],"predecessor-version":[{"id":1047,"href":"https:\/\/www.francarman.hr\/it\/wp-json\/wp\/v2\/pages\/959\/revisions\/1047"}],"wp:attachment":[{"href":"https:\/\/www.francarman.hr\/it\/wp-json\/wp\/v2\/media?parent=959"}],"curies":[{"name":"wp","href":"https:\/\/api.w.org\/{rel}","templated":true}]}}